{"id":227,"date":"2025-01-26T19:23:01","date_gmt":"2025-01-26T18:23:01","guid":{"rendered":"http:\/\/nataliawilla.pl\/?page_id=227"},"modified":"2025-11-03T14:15:19","modified_gmt":"2025-11-03T13:15:19","slug":"przyjecia","status":"publish","type":"page","link":"https:\/\/nataliawilla.pl\/?page_id=227","title":{"rendered":"Przyj\u0119cia"},"content":{"rendered":"\n<p>Willa Natalia to doskona\u0142e miejsce na organizacj\u0119 imprez okoliczno\u015bciowych.<\/p>\n\n\n\n<p>Do Pa\u0144stwa dyspozycji oddajemy sal\u0119, kt\u00f3ra stwarza wiele mo\u017cliwo\u015bci aran\u017cacji. Mo\u017cna u nas zorganizowa\u0107:<\/p>\n\n\n\n<ul class=\"wp-block-list\">\n<li>Chrzciny<\/li>\n\n\n\n<li>Komunie<\/li>\n\n\n\n<li>Stypy<\/li>\n\n\n\n<li>Inne uroczysto\u015bci rodzinne<\/li>\n<\/ul>\n\n\n\n<p>Komfortowe pokoje, kt\u00f3re oferujemy, to idealne dope\u0142nienie oferty, gdy zachodzi potrzeba zapewnienia noclegu dla Go\u015bci.<\/p>\n\n\n\n<p>W sprawach zwi\u0105zanych z uroczysto\u015bciami rodzinnymi prosimy o kontakt telefoniczny lub mailowy.<\/p>\n\n\n\n<p>GSM: +48 725 554 222<br>E-mail: recepcja@nataliawilla.pl<\/p>\n\n\n\n<div class=\"wp-block-group is-nowrap is-layout-flex wp-container-core-group-is-layout-1 wp-block-group-is-layout-flex\">\n<figure data-wp-context=\"{&quot;imageId&quot;:&quot;69e4be28e173b&quot;}\" data-wp-interactive=\"core\/image\" class=\"wp-block-image size-large wp-container-content-1 wp-lightbox-container\"><img loading=\"lazy\" decoding=\"async\" width=\"828\" height=\"1024\" data-wp-class--hide=\"state.isContentHidden\" data-wp-class--show=\"state.isContentVisible\" data-wp-init=\"callbacks.setButtonStyles\" data-wp-on-async--click=\"actions.showLightbox\" data-wp-on-async--load=\"callbacks.setButtonStyles\" data-wp-on-async-window--resize=\"callbacks.setButtonStyles\" src=\"http:\/\/nataliawilla.pl\/wp-content\/uploads\/2025\/01\/24-828x1024.jpg\" alt=\"\" class=\"wp-image-344\" srcset=\"https:\/\/nataliawilla.pl\/wp-content\/uploads\/2025\/01\/24-828x1024.jpg 828w, https:\/\/nataliawilla.pl\/wp-content\/uploads\/2025\/01\/24-243x300.jpg 243w, https:\/\/nataliawilla.pl\/wp-content\/uploads\/2025\/01\/24-768x950.jpg 768w, https:\/\/nataliawilla.pl\/wp-content\/uploads\/2025\/01\/24-1242x1536.jpg 1242w, https:\/\/nataliawilla.pl\/wp-content\/uploads\/2025\/01\/24-1656x2048.jpg 1656w, https:\/\/nataliawilla.pl\/wp-content\/uploads\/2025\/01\/24-350x433.jpg 350w\" sizes=\"auto, (max-width: 767px) 89vw, (max-width: 1000px) 54vw, (max-width: 1071px) 543px, 580px\" \/><button\n\t\t\tclass=\"lightbox-trigger\"\n\t\t\ttype=\"button\"\n\t\t\taria-haspopup=\"dialog\"\n\t\t\taria-label=\"Enlarge image\"\n\t\t\tdata-wp-init=\"callbacks.initTriggerButton\"\n\t\t\tdata-wp-on-async--click=\"actions.showLightbox\"\n\t\t\tdata-wp-style--right=\"state.imageButtonRight\"\n\t\t\tdata-wp-style--top=\"state.imageButtonTop\"\n\t\t>\n\t\t\t<svg xmlns=\"http:\/\/www.w3.org\/2000\/svg\" width=\"12\" height=\"12\" fill=\"none\" viewBox=\"0 0 12 12\">\n\t\t\t\t<path fill=\"#fff\" d=\"M2 0a2 2 0 0 0-2 2v2h1.5V2a.5.5 0 0 1 .5-.5h2V0H2Zm2 10.5H2a.5.5 0 0 1-.5-.5V8H0v2a2 2 0 0 0 2 2h2v-1.5ZM8 12v-1.5h2a.5.5 0 0 0 .5-.5V8H12v2a2 2 0 0 1-2 2H8Zm2-12a2 2 0 0 1 2 2v2h-1.5V2a.5.5 0 0 0-.5-.5H8V0h2Z\" \/>\n\t\t\t<\/svg>\n\t\t<\/button><\/figure>\n\n\n\n<figure data-wp-context=\"{&quot;imageId&quot;:&quot;69e4be28e1df2&quot;}\" data-wp-interactive=\"core\/image\" class=\"wp-block-image size-large wp-container-content-2 wp-lightbox-container\"><img loading=\"lazy\" decoding=\"async\" width=\"833\" height=\"1024\" data-wp-class--hide=\"state.isContentHidden\" data-wp-class--show=\"state.isContentVisible\" data-wp-init=\"callbacks.setButtonStyles\" data-wp-on-async--click=\"actions.showLightbox\" data-wp-on-async--load=\"callbacks.setButtonStyles\" data-wp-on-async-window--resize=\"callbacks.setButtonStyles\" src=\"http:\/\/nataliawilla.pl\/wp-content\/uploads\/2025\/01\/25-833x1024.jpg\" alt=\"\" class=\"wp-image-348\" srcset=\"https:\/\/nataliawilla.pl\/wp-content\/uploads\/2025\/01\/25-833x1024.jpg 833w, https:\/\/nataliawilla.pl\/wp-content\/uploads\/2025\/01\/25-244x300.jpg 244w, https:\/\/nataliawilla.pl\/wp-content\/uploads\/2025\/01\/25-768x944.jpg 768w, https:\/\/nataliawilla.pl\/wp-content\/uploads\/2025\/01\/25-1249x1536.jpg 1249w, https:\/\/nataliawilla.pl\/wp-content\/uploads\/2025\/01\/25-1666x2048.jpg 1666w, https:\/\/nataliawilla.pl\/wp-content\/uploads\/2025\/01\/25-350x430.jpg 350w\" sizes=\"auto, (max-width: 767px) 89vw, (max-width: 1000px) 54vw, (max-width: 1071px) 543px, 580px\" \/><button\n\t\t\tclass=\"lightbox-trigger\"\n\t\t\ttype=\"button\"\n\t\t\taria-haspopup=\"dialog\"\n\t\t\taria-label=\"Enlarge image\"\n\t\t\tdata-wp-init=\"callbacks.initTriggerButton\"\n\t\t\tdata-wp-on-async--click=\"actions.showLightbox\"\n\t\t\tdata-wp-style--right=\"state.imageButtonRight\"\n\t\t\tdata-wp-style--top=\"state.imageButtonTop\"\n\t\t>\n\t\t\t<svg xmlns=\"http:\/\/www.w3.org\/2000\/svg\" width=\"12\" height=\"12\" fill=\"none\" viewBox=\"0 0 12 12\">\n\t\t\t\t<path fill=\"#fff\" d=\"M2 0a2 2 0 0 0-2 2v2h1.5V2a.5.5 0 0 1 .5-.5h2V0H2Zm2 10.5H2a.5.5 0 0 1-.5-.5V8H0v2a2 2 0 0 0 2 2h2v-1.5ZM8 12v-1.5h2a.5.5 0 0 0 .5-.5V8H12v2a2 2 0 0 1-2 2H8Zm2-12a2 2 0 0 1 2 2v2h-1.5V2a.5.5 0 0 0-.5-.5H8V0h2Z\" \/>\n\t\t\t<\/svg>\n\t\t<\/button><\/figure>\n\n\n\n<figure data-wp-context=\"{&quot;imageId&quot;:&quot;69e4be28e2385&quot;}\" data-wp-interactive=\"core\/image\" class=\"wp-block-image size-large wp-lightbox-container\"><img loading=\"lazy\" decoding=\"async\" width=\"828\" height=\"1024\" data-wp-class--hide=\"state.isContentHidden\" data-wp-class--show=\"state.isContentVisible\" data-wp-init=\"callbacks.setButtonStyles\" data-wp-on-async--click=\"actions.showLightbox\" data-wp-on-async--load=\"callbacks.setButtonStyles\" data-wp-on-async-window--resize=\"callbacks.setButtonStyles\" src=\"http:\/\/nataliawilla.pl\/wp-content\/uploads\/2025\/01\/26-828x1024.jpg\" alt=\"\" class=\"wp-image-351\" srcset=\"https:\/\/nataliawilla.pl\/wp-content\/uploads\/2025\/01\/26-828x1024.jpg 828w, https:\/\/nataliawilla.pl\/wp-content\/uploads\/2025\/01\/26-243x300.jpg 243w, https:\/\/nataliawilla.pl\/wp-content\/uploads\/2025\/01\/26-768x950.jpg 768w, https:\/\/nataliawilla.pl\/wp-content\/uploads\/2025\/01\/26-1242x1536.jpg 1242w, https:\/\/nataliawilla.pl\/wp-content\/uploads\/2025\/01\/26-1656x2048.jpg 1656w, https:\/\/nataliawilla.pl\/wp-content\/uploads\/2025\/01\/26-350x433.jpg 350w\" sizes=\"auto, (max-width: 767px) 89vw, (max-width: 1000px) 54vw, (max-width: 1071px) 543px, 580px\" \/><button\n\t\t\tclass=\"lightbox-trigger\"\n\t\t\ttype=\"button\"\n\t\t\taria-haspopup=\"dialog\"\n\t\t\taria-label=\"Enlarge image\"\n\t\t\tdata-wp-init=\"callbacks.initTriggerButton\"\n\t\t\tdata-wp-on-async--click=\"actions.showLightbox\"\n\t\t\tdata-wp-style--right=\"state.imageButtonRight\"\n\t\t\tdata-wp-style--top=\"state.imageButtonTop\"\n\t\t>\n\t\t\t<svg xmlns=\"http:\/\/www.w3.org\/2000\/svg\" width=\"12\" height=\"12\" fill=\"none\" viewBox=\"0 0 12 12\">\n\t\t\t\t<path fill=\"#fff\" d=\"M2 0a2 2 0 0 0-2 2v2h1.5V2a.5.5 0 0 1 .5-.5h2V0H2Zm2 10.5H2a.5.5 0 0 1-.5-.5V8H0v2a2 2 0 0 0 2 2h2v-1.5ZM8 12v-1.5h2a.5.5 0 0 0 .5-.5V8H12v2a2 2 0 0 1-2 2H8Zm2-12a2 2 0 0 1 2 2v2h-1.5V2a.5.5 0 0 0-.5-.5H8V0h2Z\" \/>\n\t\t\t<\/svg>\n\t\t<\/button><\/figure>\n<\/div>\n\n\n\n<p><\/p>\n\n\n\n<p class=\"has-text-align-center\"><strong>MENU<\/strong><\/p>\n\n\n\n<div class=\"wp-block-columns is-layout-flex wp-container-core-columns-is-layout-1 wp-block-columns-is-layout-flex\">\n<div class=\"wp-block-column is-layout-flow wp-block-column-is-layout-flow\">\n<figure class=\"wp-block-image size-large\"><a href=\"http:\/\/nataliawilla.pl\/wp-content\/uploads\/2025\/01\/Logo-stypy-menu-1-scaled.jpg\"><img loading=\"lazy\" decoding=\"async\" width=\"726\" height=\"1024\" src=\"http:\/\/nataliawilla.pl\/wp-content\/uploads\/2025\/01\/Logo-stypy-menu-1-726x1024.jpg\" alt=\"\" class=\"wp-image-375\" srcset=\"https:\/\/nataliawilla.pl\/wp-content\/uploads\/2025\/01\/Logo-stypy-menu-1-726x1024.jpg 726w, https:\/\/nataliawilla.pl\/wp-content\/uploads\/2025\/01\/Logo-stypy-menu-1-213x300.jpg 213w, https:\/\/nataliawilla.pl\/wp-content\/uploads\/2025\/01\/Logo-stypy-menu-1-768x1084.jpg 768w, https:\/\/nataliawilla.pl\/wp-content\/uploads\/2025\/01\/Logo-stypy-menu-1-1089x1536.jpg 1089w, https:\/\/nataliawilla.pl\/wp-content\/uploads\/2025\/01\/Logo-stypy-menu-1-1451x2048.jpg 1451w, https:\/\/nataliawilla.pl\/wp-content\/uploads\/2025\/01\/Logo-stypy-menu-1-350x494.jpg 350w, https:\/\/nataliawilla.pl\/wp-content\/uploads\/2025\/01\/Logo-stypy-menu-1-scaled.jpg 1814w\" sizes=\"auto, (max-width: 726px) 100vw, 726px\" \/><\/a><\/figure>\n<\/div>\n\n\n\n<div class=\"wp-block-column is-layout-flow wp-block-column-is-layout-flow\">\n<figure class=\"wp-block-image size-large\"><a href=\"http:\/\/nataliawilla.pl\/wp-content\/uploads\/2025\/01\/Logo-stypy-menu-2-scaled.jpg\"><img loading=\"lazy\" decoding=\"async\" width=\"724\" height=\"1024\" src=\"http:\/\/nataliawilla.pl\/wp-content\/uploads\/2025\/01\/Logo-stypy-menu-2-724x1024.jpg\" alt=\"\" class=\"wp-image-376\" srcset=\"https:\/\/nataliawilla.pl\/wp-content\/uploads\/2025\/01\/Logo-stypy-menu-2-724x1024.jpg 724w, https:\/\/nataliawilla.pl\/wp-content\/uploads\/2025\/01\/Logo-stypy-menu-2-212x300.jpg 212w, https:\/\/nataliawilla.pl\/wp-content\/uploads\/2025\/01\/Logo-stypy-menu-2-768x1086.jpg 768w, https:\/\/nataliawilla.pl\/wp-content\/uploads\/2025\/01\/Logo-stypy-menu-2-1086x1536.jpg 1086w, https:\/\/nataliawilla.pl\/wp-content\/uploads\/2025\/01\/Logo-stypy-menu-2-1448x2048.jpg 1448w, https:\/\/nataliawilla.pl\/wp-content\/uploads\/2025\/01\/Logo-stypy-menu-2-350x495.jpg 350w, https:\/\/nataliawilla.pl\/wp-content\/uploads\/2025\/01\/Logo-stypy-menu-2-scaled.jpg 1810w\" sizes=\"auto, (max-width: 724px) 100vw, 724px\" \/><\/a><\/figure>\n<\/div>\n<\/div>\n\n\n\n<p><\/p>\n","protected":false},"excerpt":{"rendered":"<p>Willa Natalia to doskona\u0142e miejsce na organizacj\u0119 imprez okoliczno\u015bciowych. Do Pa\u0144stwa dyspozycji oddajemy sal\u0119, kt\u00f3ra stwarza wiele mo\u017cliwo\u015bci aran\u017cacji. Mo\u017cna u nas zorganizowa\u0107: Komfortowe pokoje, kt\u00f3re oferujemy, to idealne dope\u0142nienie oferty, gdy zachodzi potrzeba zapewnienia noclegu dla Go\u015bci. W sprawach zwi\u0105zanych z uroczysto\u015bciami rodzinnymi prosimy o kontakt telefoniczny lub mailowy. GSM: +48 725 554 222E-mail: &hellip; <\/p>\n<p class=\"link-more\"><a href=\"https:\/\/nataliawilla.pl\/?page_id=227\" class=\"more-link\">Continue reading<span class=\"screen-reader-text\"> &#8220;Przyj\u0119cia&#8221;<\/span><\/a><\/p>\n","protected":false},"author":2,"featured_media":0,"parent":0,"menu_order":0,"comment_status":"closed","ping_status":"closed","template":"","meta":{"footnotes":""},"class_list":["post-227","page","type-page","status-publish","hentry"],"_links":{"self":[{"href":"https:\/\/nataliawilla.pl\/index.php?rest_route=\/wp\/v2\/pages\/227","targetHints":{"allow":["GET"]}}],"collection":[{"href":"https:\/\/nataliawilla.pl\/index.php?rest_route=\/wp\/v2\/pages"}],"about":[{"href":"https:\/\/nataliawilla.pl\/index.php?rest_route=\/wp\/v2\/types\/page"}],"author":[{"embeddable":true,"href":"https:\/\/nataliawilla.pl\/index.php?rest_route=\/wp\/v2\/users\/2"}],"replies":[{"embeddable":true,"href":"https:\/\/nataliawilla.pl\/index.php?rest_route=%2Fwp%2Fv2%2Fcomments&post=227"}],"version-history":[{"count":29,"href":"https:\/\/nataliawilla.pl\/index.php?rest_route=\/wp\/v2\/pages\/227\/revisions"}],"predecessor-version":[{"id":386,"href":"https:\/\/nataliawilla.pl\/index.php?rest_route=\/wp\/v2\/pages\/227\/revisions\/386"}],"wp:attachment":[{"href":"https:\/\/nataliawilla.pl\/index.php?rest_route=%2Fwp%2Fv2%2Fmedia&parent=227"}],"curies":[{"name":"wp","href":"https:\/\/api.w.org\/{rel}","templated":true}]}}