{"id":13,"date":"2020-05-12T00:51:35","date_gmt":"2020-05-11T22:51:35","guid":{"rendered":"http:\/\/nataliawilla.pl\/?page_id=13"},"modified":"2025-01-21T15:10:44","modified_gmt":"2025-01-21T14:10:44","slug":"strona-glowna","status":"publish","type":"page","link":"https:\/\/nataliawilla.pl\/","title":{"rendered":"O willach"},"content":{"rendered":"\n<p class=\"has-text-align-center\"><strong>Kameralne wille blisko centrum, a jednocze\u015bnie z dala od wielkomiejskiego zgie\u0142ku. <\/strong><\/p>\n\n\n\n<p class=\"has-text-align-left\"><strong>Po\u0142o\u017cenie:<\/strong> Dwie siostrzane wille usytuowane s\u0105 na obrze\u017cach Zielonej G\u00f3ry w dzielnicy Stary Kisielin. Zaledwie 6 km dzieli je od centrum miasta, a jednocze\u015bnie znajduj\u0105 si\u0119 w spokojnej okolicy w niedalekim s\u0105siedztwie lasu. Liczne po\u0142\u0105czenia autobusowe i blisko\u015b\u0107 dworca PKP gwarantuj\u0105 wygodn\u0105 komunikacj\u0119.  Szybki dojazd umo\u017cliwia bezpo\u015brednie s\u0105siedztwo drogi ekspresowej S3.<\/p>\n\n\n\n<p><strong>Zakwaterowanie:<\/strong> Oferujemy 54 miejsca noclegowe w komfortowych pokojach jedno-, dwu- i trzyosobowych, ka\u017cdy wyposa\u017cony w prywatn\u0105 \u0142azienk\u0119. Nasz obiekt jest idealnym miejscem zar\u00f3wno dla podr\u00f3\u017cuj\u0105cych indywidualnie, jak i grup zorganizowanych, w tym delegacji. Zapewniamy \u015bniadania w formie bufetu szwedzkiego  i obiady.<\/p>\n\n\n\n<p><strong>Ogr\u00f3d i parking:<\/strong> W naszym przestronnym ogrodzie znajd\u0105 Pa\u0144stwo miejsca siedz\u0105ce, zadaszone altanki oraz grille wraz z niezb\u0119dnym sprz\u0119tem do grillowania. Na terenie obiektu znajduje si\u0119 r\u00f3wnie\u017c bezp\u0142atny parking.<\/p>\n\n\n\n<p><strong>Atrakcje:<\/strong> Zaledwie 600 m dzieli nas od winnicy Julia, kt\u00f3ra oferuje degustacje win, oraz 700 m od zabytkowego pa\u0142acu w Starym Kisielinie. Emocjonuj\u0105ce wy\u015bcigi i szkolenia motocyklowe oferuje tor kartingowy WallraV Race Center w odleg\u0142o\u015bci 1,8 km. Wojew\u00f3dzki O\u015brodek Sportu i Rekreacji w Drzonkowie oddalony o 5,2 km zapewnia dodatkowe mo\u017cliwo\u015bci aktywnego sp\u0119dzania czasu.<\/p>\n\n\n\n<p>Gwarantujemy przyjazn\u0105 atmosfer\u0119 i profesjonaln\u0105 obs\u0142ug\u0119. Zapraszamy do kontaktu w sprawie naszej oferty. <\/p>\n\n\n\n<p>Telefon: +48 68 327 90 14<br>GSM: +48 725 554 222<br>E-mail: recepcja@nataliawilla.pl<\/p>\n","protected":false},"excerpt":{"rendered":"<p>Kameralne wille blisko centrum, a jednocze\u015bnie z dala od wielkomiejskiego zgie\u0142ku. Po\u0142o\u017cenie: Dwie siostrzane wille usytuowane s\u0105 na obrze\u017cach Zielonej G\u00f3ry w dzielnicy Stary Kisielin. Zaledwie 6 km dzieli je od centrum miasta, a jednocze\u015bnie znajduj\u0105 si\u0119 w spokojnej okolicy w niedalekim s\u0105siedztwie lasu. Liczne po\u0142\u0105czenia autobusowe i blisko\u015b\u0107 dworca PKP gwarantuj\u0105 wygodn\u0105 komunikacj\u0119. Szybki &hellip; <\/p>\n<p class=\"link-more\"><a href=\"https:\/\/nataliawilla.pl\/\" class=\"more-link\">Continue reading<span class=\"screen-reader-text\"> &#8220;O willach&#8221;<\/span><\/a><\/p>\n","protected":false},"author":1,"featured_media":0,"parent":0,"menu_order":0,"comment_status":"closed","ping_status":"closed","template":"","meta":{"footnotes":""},"class_list":["post-13","page","type-page","status-publish","hentry"],"_links":{"self":[{"href":"https:\/\/nataliawilla.pl\/index.php?rest_route=\/wp\/v2\/pages\/13","targetHints":{"allow":["GET"]}}],"collection":[{"href":"https:\/\/nataliawilla.pl\/index.php?rest_route=\/wp\/v2\/pages"}],"about":[{"href":"https:\/\/nataliawilla.pl\/index.php?rest_route=\/wp\/v2\/types\/page"}],"author":[{"embeddable":true,"href":"https:\/\/nataliawilla.pl\/index.php?rest_route=\/wp\/v2\/users\/1"}],"replies":[{"embeddable":true,"href":"https:\/\/nataliawilla.pl\/index.php?rest_route=%2Fwp%2Fv2%2Fcomments&post=13"}],"version-history":[{"count":11,"href":"https:\/\/nataliawilla.pl\/index.php?rest_route=\/wp\/v2\/pages\/13\/revisions"}],"predecessor-version":[{"id":336,"href":"https:\/\/nataliawilla.pl\/index.php?rest_route=\/wp\/v2\/pages\/13\/revisions\/336"}],"wp:attachment":[{"href":"https:\/\/nataliawilla.pl\/index.php?rest_route=%2Fwp%2Fv2%2Fmedia&parent=13"}],"curies":[{"name":"wp","href":"https:\/\/api.w.org\/{rel}","templated":true}]}}